{"id":280,"date":"2021-03-30T18:43:53","date_gmt":"2021-03-30T16:43:53","guid":{"rendered":"http:\/\/www.julienkieffer.com\/?page_id=280"},"modified":"2023-09-14T14:44:11","modified_gmt":"2023-09-14T12:44:11","slug":"a-propos","status":"publish","type":"page","link":"http:\/\/www.julienkieffer.com\/?page_id=280","title":{"rendered":"\u00c0 propos"},"content":{"rendered":"\n<hr class=\"wp-block-separator has-text-color has-white-color has-css-opacity has-white-background-color has-background is-style-wide\"\/>\n\n\n\n<p>Designer ind\u00e9pendant depuis 2006, il collabore d&rsquo;abord \u00e0 des projets prestigieux au sein de l\u2019agence de design de Fr\u00e9d\u00e9ric Ruyant, puis en prospective pour l\u2019agence Alchimie Paris. Il quitte la capitale &#8211; non sans regrets &#8211; pour s&rsquo;installer en m\u00e9tropole de Lille pour se consacrer pleinement au design d\u2019objet et de mobilier dans une approche \u00e9thique.<\/p>\n\n\n\n<p>\u00c0 l\u2019\u00e9chelle industrielle, sa pratique le m\u00e8ne jusqu\u2019\u00e0 Shenzen dans l\u2019univers des arts&nbsp;de la table puis \u00e0 cr\u00e9er, pour une autre firme, un mobilier durable produit en France qui&nbsp;sera labellis\u00e9&nbsp;<em>Observeur du design&nbsp;<\/em>par l\u2019APCI*.<br>Sa formation de design global, sa sensibilit\u00e9 \u00e0 l\u2019art contemporain, lui permettent d\u2019\u00eatre un touche \u00e0 tout et de transmettre ce savoir avec les \u00e9tudiants des \u00e9coles sup\u00e9rieures d\u2019arts et de design.<\/p>\n\n\n\n<p>Lorsqu\u2019il n\u2019est pas dans les \u00e9coles sup\u00e9rieures, il con\u00e7oit des projets qui ont en commun une d\u00e9marche de\u00a0design s\u2019inscrivant, pour la plupart des projets, dans l\u2019\u00e9conomie circulaire et aussi dans le champ\u00a0de l\u2019art. C\u2019est par le biais de l\u2019<em>up\u2019cycling\u00a0<\/em>ou par le d\u00e9tournement d\u2019objet que Julien produit artisanalement du mobilier unique qu\u2019il pr\u00e9sente chaque ann\u00e9e \u00e0 la Braderie de l\u2019Art de Roubaix, il est aussi le premier designer \u00e0 avoir int\u00e9gr\u00e9 cet \u00e9v\u00e9nement.\u00a0Ainsi, Fanny Bouyagui lui confiera la r\u00e9alisation d\u2019une micro-architecture dans le cadre\u00a0de\u00a0<em>Mons2015\u00a0<\/em>capitale europ\u00e9enne de la culture. Cette micro-architecture complexe\u00a0compos\u00e9e de palettes est sans nul doute sa plus belle et ambitieuse des cr\u00e9ations autant sur le plan technique que sur le plan esth\u00e9tique. Elle sera par la suite repr\u00e9sent\u00e9e dans divers \u00e9v\u00e9nements culturels tels que le festival\u00a0<em>We Love Green\u00a0<\/em>en 2019 ou la\u00a0<em>MakerFaire\u00a0<\/em>de Lille en 2020.<\/p>\n\n\n\n<p>Cr\u00e9er et produire de cette mani\u00e8re, c\u2019est surprendre en r\u00e9v\u00e9lant le sublime et le potentiel des \u00e9l\u00e9ments qui nous entourent, cela produit de l\u2019inattendu, de l\u2019in\u00e9dit et&nbsp;du r\u00e9cit. D\u00e9marche engag\u00e9e qui le conduit en r\u00e9sidence de design en Pologne aux c\u00f4t\u00e9s du Studio Khorram &amp; Ricatte pour&nbsp;concevoir des objets reproductibles par des sans domiciles en insertion dans le cadre du programme europ\u00e9en&nbsp;<em>Miserart&nbsp;<\/em>et soutenu par l\u2019institut fran\u00e7ais. Ces ateliers de design \u00e9mergent aussi \u00e0 Calais avec les habitants des quartiers prioritaires et aussi sur la m\u00e9tropole avec les centres sociaux dans le cadre de Lille 3000 ou encore avec Ville Renouvel\u00e9e qui lui commandera l\u2019am\u00e9nagement mobilier de La Maison du Projet de La Laini\u00e8re puis plus r\u00e9cemment une consultation artistique sur le territoire de Roubaix et Wattrelos par la r\u00e9alisation de deux oeuvres urbaines monumentales con\u00e7ues en collaboration avec son confr\u00e8re Aur\u00e9lien Veyrat. <\/p>\n\n\n\n<p>Aux c\u00f4t\u00e9s de partenaires comme Lille\u2014Design et ALL, il r\u00e9alise la signal\u00e9tique et le mobilier ext\u00e9rieur pour les Chevrettes du Terril o\u00f9 il est question une nouvelle fois de cercle vertueux : circuit-court, durabilit\u00e9 et production <em>in situ<\/em>.  Station V lui confiera \u00e9galement la mission de r\u00e9aliser une table pour l&rsquo;am\u00e9nagement du lieu o\u00f9 l&rsquo;\u00e9conomie circulaire en est le <em>leitmotiv<\/em>. Ainsi, le plateau de cette table est constitu\u00e9 de chutes de bois d&rsquo;essences locales. <\/p>\n\n\n\n<p>Aujourd&rsquo;hui, cette vision, cette d\u00e9marche se refl\u00e8tent dans l&rsquo;\u00e9lan tant attendu des pratiques industrielles, de l&rsquo;engouement des <em>Low-tech<\/em> et de la sensibilit\u00e9 environnementale au coeur des projets des \u00e9tudiants en \u00e9coles sup\u00e9rieures de design.<\/p>\n\n\n\n<p><\/p>\n","protected":false},"excerpt":{"rendered":"<p>Designer ind\u00e9pendant depuis 2006, il collabore d&rsquo;abord \u00e0 des projets prestigieux au sein de l\u2019agence de design de Fr\u00e9d\u00e9ric Ruyant, puis en prospective pour l\u2019agence Alchimie Paris. Il quitte la capitale &#8211; non sans regrets &#8211; pour s&rsquo;installer en m\u00e9tropole de Lille pour se consacrer pleinement au design d\u2019objet et de mobilier dans une approche [&hellip;]<\/p>\n","protected":false},"author":1,"featured_media":0,"parent":0,"menu_order":0,"comment_status":"closed","ping_status":"closed","template":"","meta":{"_uag_custom_page_level_css":"","site-sidebar-layout":"default","site-content-layout":"","ast-site-content-layout":"default","site-content-style":"default","site-sidebar-style":"default","ast-global-header-display":"","ast-banner-title-visibility":"","ast-main-header-display":"","ast-hfb-above-header-display":"","ast-hfb-below-header-display":"","ast-hfb-mobile-header-display":"","site-post-title":"","ast-breadcrumbs-content":"","ast-featured-img":"","footer-sml-layout":"","theme-transparent-header-meta":"","adv-header-id-meta":"","stick-header-meta":"","header-above-stick-meta":"","header-main-stick-meta":"","header-below-stick-meta":"","astra-migrate-meta-layouts":"set","ast-page-background-enabled":"default","ast-page-background-meta":{"desktop":{"background-color":"var(--ast-global-color-4)","background-image":"","background-repeat":"repeat","background-position":"center center","background-size":"auto","background-attachment":"scroll","background-type":"","background-media":"","overlay-type":"","overlay-color":"","overlay-opacity":"","overlay-gradient":""},"tablet":{"background-color":"","background-image":"","background-repeat":"repeat","background-position":"center center","background-size":"auto","background-attachment":"scroll","background-type":"","background-media":"","overlay-type":"","overlay-color":"","overlay-opacity":"","overlay-gradient":""},"mobile":{"background-color":"","background-image":"","background-repeat":"repeat","background-position":"center center","background-size":"auto","background-attachment":"scroll","background-type":"","background-media":"","overlay-type":"","overlay-color":"","overlay-opacity":"","overlay-gradient":""}},"ast-content-background-meta":{"desktop":{"background-color":"var(--ast-global-color-5)","background-image":"","background-repeat":"repeat","background-position":"center center","background-size":"auto","background-attachment":"scroll","background-type":"","background-media":"","overlay-type":"","overlay-color":"","overlay-opacity":"","overlay-gradient":""},"tablet":{"background-color":"var(--ast-global-color-5)","background-image":"","background-repeat":"repeat","background-position":"center center","background-size":"auto","background-attachment":"scroll","background-type":"","background-media":"","overlay-type":"","overlay-color":"","overlay-opacity":"","overlay-gradient":""},"mobile":{"background-color":"var(--ast-global-color-5)","background-image":"","background-repeat":"repeat","background-position":"center center","background-size":"auto","background-attachment":"scroll","background-type":"","background-media":"","overlay-type":"","overlay-color":"","overlay-opacity":"","overlay-gradient":""}},"footnotes":""},"class_list":["post-280","page","type-page","status-publish","hentry"],"uagb_featured_image_src":{"full":false,"thumbnail":false,"medium":false,"medium_large":false,"large":false,"1536x1536":false,"2048x2048":false},"uagb_author_info":{"display_name":"JulienKieffer150878","author_link":"http:\/\/www.julienkieffer.com\/?author=1"},"uagb_comment_info":0,"uagb_excerpt":"Designer ind\u00e9pendant depuis 2006, il collabore d&rsquo;abord \u00e0 des projets prestigieux au sein de l\u2019agence de design de Fr\u00e9d\u00e9ric Ruyant, puis en prospective pour l\u2019agence Alchimie Paris. Il quitte la capitale &#8211; non sans regrets &#8211; pour s&rsquo;installer en m\u00e9tropole de Lille pour se consacrer pleinement au design d\u2019objet et de mobilier dans une approche\u2026","_links":{"self":[{"href":"http:\/\/www.julienkieffer.com\/index.php?rest_route=\/wp\/v2\/pages\/280","targetHints":{"allow":["GET"]}}],"collection":[{"href":"http:\/\/www.julienkieffer.com\/index.php?rest_route=\/wp\/v2\/pages"}],"about":[{"href":"http:\/\/www.julienkieffer.com\/index.php?rest_route=\/wp\/v2\/types\/page"}],"author":[{"embeddable":true,"href":"http:\/\/www.julienkieffer.com\/index.php?rest_route=\/wp\/v2\/users\/1"}],"replies":[{"embeddable":true,"href":"http:\/\/www.julienkieffer.com\/index.php?rest_route=%2Fwp%2Fv2%2Fcomments&post=280"}],"version-history":[{"count":11,"href":"http:\/\/www.julienkieffer.com\/index.php?rest_route=\/wp\/v2\/pages\/280\/revisions"}],"predecessor-version":[{"id":985,"href":"http:\/\/www.julienkieffer.com\/index.php?rest_route=\/wp\/v2\/pages\/280\/revisions\/985"}],"wp:attachment":[{"href":"http:\/\/www.julienkieffer.com\/index.php?rest_route=%2Fwp%2Fv2%2Fmedia&parent=280"}],"curies":[{"name":"wp","href":"https:\/\/api.w.org\/{rel}","templated":true}]}}